{"id":224,"date":"2023-04-26T23:20:45","date_gmt":"2023-04-26T21:20:45","guid":{"rendered":"http:\/\/www.numlock.edu.pl\/amazonia\/?page_id=224"},"modified":"2023-04-28T12:56:44","modified_gmt":"2023-04-28T10:56:44","slug":"microsoft-word-100-praktycznych-porad","status":"publish","type":"page","link":"http:\/\/www.numlock.edu.pl\/amazonia\/index.php\/microsoft-word-100-praktycznych-porad\/","title":{"rendered":"Microsoft Word: 100 praktycznych porad"},"content":{"rendered":"<div class=\"wp-block-image\">\n<figure class=\"alignleft size-large is-resized\"><img decoding=\"async\" loading=\"lazy\" src=\"http:\/\/www.numlock.edu.pl\/amazonia\/wp-content\/uploads\/2023\/04\/Microsoft-Word-100-porad-12.7-\u00d7-9.25-in-e1682543580199-750x1024.png\" alt=\"\" class=\"wp-image-43\" width=\"221\" height=\"302\" srcset=\"http:\/\/www.numlock.edu.pl\/amazonia\/wp-content\/uploads\/2023\/04\/Microsoft-Word-100-porad-12.7-\u00d7-9.25-in-e1682543580199-750x1024.png 750w, http:\/\/www.numlock.edu.pl\/amazonia\/wp-content\/uploads\/2023\/04\/Microsoft-Word-100-porad-12.7-\u00d7-9.25-in-e1682543580199-220x300.png 220w, http:\/\/www.numlock.edu.pl\/amazonia\/wp-content\/uploads\/2023\/04\/Microsoft-Word-100-porad-12.7-\u00d7-9.25-in-e1682543580199-768x1049.png 768w, http:\/\/www.numlock.edu.pl\/amazonia\/wp-content\/uploads\/2023\/04\/Microsoft-Word-100-porad-12.7-\u00d7-9.25-in-e1682543580199.png 1065w\" sizes=\"(max-width: 221px) 100vw, 221px\" \/><\/figure><\/div>\n\n\n<p>Pawe\u0142 Wimmer, <strong>Microsoft Word: 100 praktycznych porad + Leksykon<\/strong>, Wyd. I, Warszawa 2023, 200 str.<\/p>\n\n\n\n<p><a href=\"https:\/\/www.amazon.pl\/dp\/839320593X?psc=1&amp;ref_=cm_sw_r_cp_ud_dp_REMFGVNAN4SX1KYKZ35T\" target=\"_blank\" rel=\"noreferrer noopener\">Adres w Amazon.pl<\/a><\/p>\n\n\n\n<p>Z przedmowy:<\/p>\n\n\n\n<p>Podr\u0119cznik z\u0142o\u017cony jest z dw\u00f3ch cz\u0119\u015bci. W pierwszej zawiera sto praktycznych porad, kt\u00f3re uzna\u0142em za przydatne w toku pracy z edytorem. Nie wyczerpuj\u0105 one naturalnie zasobu porad, jakie mo\u017cna by napisa\u0107 w odniesieniu do tak rozbudowanego i skomplikowanego programu, jakim jest Microsoft Word. Oczywi\u015bcie wiele os\u00f3b stosuje zapewne znaczn\u0105 cz\u0119\u015b\u0107 podanych tu technik, ale uznam swoje zadanie za wykonane, je\u015bli przyda im si\u0119 przynajmniej jedna czwarta czy jedna trzecia tych porad. Kolejno\u015b\u0107 porad nie zale\u017cy od tutaj od jakiegokolwiek schematu.<\/p>\n\n\n\n<p>Leksykon zosta\u0142 napisany z my\u015bl\u0105 o uporz\u0105dkowaniu podstawowych poj\u0119\u0107 dotycz\u0105cych pisma, klawiatury i interfejsu Worda. Zbi\u00f3r ponad stu hase\u0142 o leksykonowym charakterze tak\u017ce zapewne nie jest wyczerpuj\u0105cy, niemniej jest pierwsz\u0105 prac\u0105 tego typu i jest \u201ekompatybilny\u201d z poradami.<\/p>\n\n\n\n<p><strong><a href=\"http:\/\/www.numlock.edu.pl\/amazonia\/index.php\/microsoft-word-100-porad-pdf\/\" data-type=\"page\" data-id=\"462\">Pliki PDF z fragmentami publikacji<\/a><\/strong><\/p>\n","protected":false},"excerpt":{"rendered":"<p>Pawe\u0142 Wimmer, Microsoft Word: 100 praktycznych porad + Leksykon, Wyd. I, Warszawa 2023, 200 str. Adres w Amazon.pl Z przedmowy: Podr\u0119cznik z\u0142o\u017cony jest z dw\u00f3ch cz\u0119\u015bci. W pierwszej zawiera sto praktycznych porad, kt\u00f3re uzna\u0142em za przydatne w toku pracy z edytorem. Nie wyczerpuj\u0105 one naturalnie zasobu porad, jakie mo\u017cna by napisa\u0107 w odniesieniu do tak rozbudowanego i skomplikowanego programu, jakim jest Microsoft Word. Oczywi\u015bcie wiele os\u00f3b stosuje zapewne znaczn\u0105 cz\u0119\u015b\u0107 podanych tu technik, ale uznam swoje zadanie za wykonane, je\u015bli przyda im si\u0119 przynajmniej jedna czwarta czy jedna trzecia tych porad. Kolejno\u015b\u0107 porad nie zale\u017cy od tutaj od jakiegokolwiek schematu. Leksykon zosta\u0142 napisany z my\u015bl\u0105 o uporz\u0105dkowaniu podstawowych poj\u0119\u0107 dotycz\u0105cych pisma, klawiatury i interfejsu Worda. Zbi\u00f3r ponad stu hase\u0142 o leksykonowym charakterze tak\u017ce zapewne nie jest wyczerpuj\u0105cy, niemniej jest pierwsz\u0105 prac\u0105 tego typu i jest \u201ekompatybilny\u201d z poradami. Pliki PDF z fragmentami publikacji<\/p>\n","protected":false},"author":3,"featured_media":0,"parent":0,"menu_order":0,"comment_status":"closed","ping_status":"closed","template":"","meta":[],"_links":{"self":[{"href":"http:\/\/www.numlock.edu.pl\/amazonia\/index.php\/wp-json\/wp\/v2\/pages\/224"}],"collection":[{"href":"http:\/\/www.numlock.edu.pl\/amazonia\/index.php\/wp-json\/wp\/v2\/pages"}],"about":[{"href":"http:\/\/www.numlock.edu.pl\/amazonia\/index.php\/wp-json\/wp\/v2\/types\/page"}],"author":[{"embeddable":true,"href":"http:\/\/www.numlock.edu.pl\/amazonia\/index.php\/wp-json\/wp\/v2\/users\/3"}],"replies":[{"embeddable":true,"href":"http:\/\/www.numlock.edu.pl\/amazonia\/index.php\/wp-json\/wp\/v2\/comments?post=224"}],"version-history":[{"count":5,"href":"http:\/\/www.numlock.edu.pl\/amazonia\/index.php\/wp-json\/wp\/v2\/pages\/224\/revisions"}],"predecessor-version":[{"id":474,"href":"http:\/\/www.numlock.edu.pl\/amazonia\/index.php\/wp-json\/wp\/v2\/pages\/224\/revisions\/474"}],"wp:attachment":[{"href":"http:\/\/www.numlock.edu.pl\/amazonia\/index.php\/wp-json\/wp\/v2\/media?parent=224"}],"curies":[{"name":"wp","href":"https:\/\/api.w.org\/{rel}","templated":true}]}}