{"id":229,"date":"2023-04-26T23:30:04","date_gmt":"2023-04-26T21:30:04","guid":{"rendered":"http:\/\/www.numlock.edu.pl\/amazonia\/?page_id=229"},"modified":"2023-04-28T13:00:48","modified_gmt":"2023-04-28T11:00:48","slug":"prezentacje-google","status":"publish","type":"page","link":"http:\/\/www.numlock.edu.pl\/amazonia\/index.php\/prezentacje-google\/","title":{"rendered":"Prezentacje Google"},"content":{"rendered":"<div class=\"wp-block-image\">\n<figure class=\"alignleft size-large is-resized\"><img decoding=\"async\" loading=\"lazy\" src=\"http:\/\/www.numlock.edu.pl\/amazonia\/wp-content\/uploads\/2023\/04\/image-2-707x1024.png\" alt=\"\" class=\"wp-image-230\" width=\"205\" height=\"303\"\/><\/figure><\/div>\n\n\n<p>Pawe\u0142 Wimmer, <strong>Prezentacje Google<\/strong>, Wyd. I, Warszawa 2023<\/p>\n\n\n\n<p><a href=\"https:\/\/www.amazon.pl\/dp\/B0BZFPFW74?psc=1&amp;ref_=cm_sw_r_cp_ud_dp_S5QP3WJKWQXGQP7BT34T\" target=\"_blank\" rel=\"noreferrer noopener\">Adres w Amazon.pl<\/a><\/p>\n\n\n\n<p>Jednym z najpowszechniej u\u017cywanych narz\u0119dzi przekazywania informacji \u2013 szczeg\u00f3lnie w \u015brodowisku biurowym czy uczelnianym, s\u0105 prezentacje. Kiedy\u015b za pomoc\u0105 prymitywnych (na obecne standardy) technik \u2013 tablicy czy rzutnika \u2013 dzisiaj z u\u017cyciem elektroniki, w pierwszej kolejno\u015bci komputer\u00f3w.<br>Jest wiele program\u00f3w i us\u0142ug internetowych do tworzenia prezentacji. Najpowszechniej u\u017cywanym programem jest komercyjny PowerPoint (wsp\u00f3\u0142czesny standard biurowy), ale s\u0105 te\u017c bezp\u0142atny Libre Office Impress, Keynote w \u015brodowisku Macintosha, a tak\u017ce p\u0142atne i bezp\u0142atne tzw. webaplikacje. Szczeg\u00f3lne znaczenie maj\u0105 tu dwie us\u0142ugi \u2013 internetowa wersja PowerPointa oraz Prezentacje Google. Chc\u0105c pokaza\u0107 og\u00f3lne zasady tworzenia prezentacji, a tak\u017ce praktyczne techniki ich konstruowania, zdecydowali\u015bmy si\u0119 na om\u00f3wienie bezp\u0142atnej us\u0142ugi firmy Google \u2013 szalenie popularnej w Internecie, dost\u0119pnej od razu po za\u0142o\u017ceniu konta w \u201cekosystemie\u201d Google. Istotnym powodem, dla kt\u00f3rego wybrali\u015bmy us\u0142ug\u0119 internetow\u0105, jest mo\u017cliwo\u015b\u0107 bezpo\u015bredniej wsp\u00f3\u0142pracy kilku os\u00f3b przy jednym projekcie, przez Internet. K\u0142adziemy na to silny nacisk \u2013 wsp\u00f3\u0142praca jest kluczem do sukcesu, a wsp\u00f3\u0142praca przez Internet jest wyj\u0105tkowo efektywna.<br>Kurs jest przeznaczony przede wszystkim dla os\u00f3b pocz\u0105tkuj\u0105cych, nienawyk\u0142ych do stosowania takich narz\u0119dzi. Podana tu prosto i przyst\u0119pnie wiedza b\u0119dzie stanowi\u0107 przy okazji swoist\u0105 propedeutyk\u0119 w poznawaniu innych program\u00f3w i us\u0142ug, gdyby komu\u015b kiedy\u015b przysz\u0142o zmierzy\u0107 si\u0119 z takimi narz\u0119dziami. Ale i osoby znaj\u0105ce ju\u017c Prezentacje Google znajd\u0105 tu dla siebie przydatne szczeg\u00f3\u0142y. Polecamy kurs szczeg\u00f3lnie w \u015brodowisku szkolnym i uczelnianym \u2013 nauczycielom i uczniom.<\/p>\n\n\n\n<p><a href=\"http:\/\/www.numlock.edu.pl\/amazonia\/index.php\/prezentacje-google-pdf\/\" data-type=\"page\" data-id=\"496\">Pliki PDF z fragmentami do obejrzenia lub pobrania<\/a><\/p>\n","protected":false},"excerpt":{"rendered":"<p>Pawe\u0142 Wimmer, Prezentacje Google, Wyd. I, Warszawa 2023 Adres w Amazon.pl Jednym z najpowszechniej u\u017cywanych narz\u0119dzi przekazywania informacji \u2013 szczeg\u00f3lnie w \u015brodowisku biurowym czy uczelnianym, s\u0105 prezentacje. Kiedy\u015b za pomoc\u0105 prymitywnych (na obecne standardy) technik \u2013 tablicy czy rzutnika \u2013 dzisiaj z u\u017cyciem elektroniki, w pierwszej kolejno\u015bci komputer\u00f3w.Jest wiele program\u00f3w i us\u0142ug internetowych do tworzenia prezentacji. Najpowszechniej u\u017cywanym programem jest komercyjny PowerPoint (wsp\u00f3\u0142czesny standard biurowy), ale s\u0105 te\u017c bezp\u0142atny Libre Office Impress, Keynote w \u015brodowisku Macintosha, a tak\u017ce p\u0142atne i bezp\u0142atne tzw. webaplikacje. Szczeg\u00f3lne znaczenie maj\u0105 tu dwie us\u0142ugi \u2013 internetowa wersja PowerPointa oraz Prezentacje Google. Chc\u0105c pokaza\u0107 og\u00f3lne zasady tworzenia prezentacji, a tak\u017ce praktyczne techniki ich konstruowania, zdecydowali\u015bmy si\u0119 na om\u00f3wienie bezp\u0142atnej us\u0142ugi firmy Google \u2013 szalenie popularnej w Internecie, dost\u0119pnej od razu po za\u0142o\u017ceniu konta w \u201cekosystemie\u201d Google. Istotnym powodem, dla kt\u00f3rego wybrali\u015bmy us\u0142ug\u0119 internetow\u0105, jest mo\u017cliwo\u015b\u0107 bezpo\u015bredniej wsp\u00f3\u0142pracy kilku os\u00f3b przy jednym projekcie, przez Internet. K\u0142adziemy na to silny nacisk \u2013 wsp\u00f3\u0142praca jest kluczem do sukcesu, a wsp\u00f3\u0142praca przez Internet jest wyj\u0105tkowo efektywna.Kurs jest przeznaczony przede wszystkim dla os\u00f3b pocz\u0105tkuj\u0105cych, nienawyk\u0142ych do stosowania takich narz\u0119dzi. Podana tu prosto i przyst\u0119pnie wiedza b\u0119dzie stanowi\u0107 przy okazji swoist\u0105 propedeutyk\u0119 w poznawaniu innych program\u00f3w i us\u0142ug, gdyby komu\u015b kiedy\u015b przysz\u0142o zmierzy\u0107 si\u0119 z takimi narz\u0119dziami. Ale i osoby znaj\u0105ce ju\u017c Prezentacje Google znajd\u0105 tu dla siebie przydatne szczeg\u00f3\u0142y. Polecamy kurs szczeg\u00f3lnie w \u015brodowisku szkolnym i uczelnianym \u2013 nauczycielom i uczniom. Pliki PDF z fragmentami do obejrzenia lub pobrania<\/p>\n","protected":false},"author":3,"featured_media":0,"parent":0,"menu_order":0,"comment_status":"closed","ping_status":"closed","template":"","meta":[],"_links":{"self":[{"href":"http:\/\/www.numlock.edu.pl\/amazonia\/index.php\/wp-json\/wp\/v2\/pages\/229"}],"collection":[{"href":"http:\/\/www.numlock.edu.pl\/amazonia\/index.php\/wp-json\/wp\/v2\/pages"}],"about":[{"href":"http:\/\/www.numlock.edu.pl\/amazonia\/index.php\/wp-json\/wp\/v2\/types\/page"}],"author":[{"embeddable":true,"href":"http:\/\/www.numlock.edu.pl\/amazonia\/index.php\/wp-json\/wp\/v2\/users\/3"}],"replies":[{"embeddable":true,"href":"http:\/\/www.numlock.edu.pl\/amazonia\/index.php\/wp-json\/wp\/v2\/comments?post=229"}],"version-history":[{"count":4,"href":"http:\/\/www.numlock.edu.pl\/amazonia\/index.php\/wp-json\/wp\/v2\/pages\/229\/revisions"}],"predecessor-version":[{"id":498,"href":"http:\/\/www.numlock.edu.pl\/amazonia\/index.php\/wp-json\/wp\/v2\/pages\/229\/revisions\/498"}],"wp:attachment":[{"href":"http:\/\/www.numlock.edu.pl\/amazonia\/index.php\/wp-json\/wp\/v2\/media?parent=229"}],"curies":[{"name":"wp","href":"https:\/\/api.w.org\/{rel}","templated":true}]}}