{"id":252,"date":"2023-04-27T04:07:33","date_gmt":"2023-04-27T02:07:33","guid":{"rendered":"http:\/\/www.numlock.edu.pl\/amazonia\/?page_id=252"},"modified":"2023-04-27T04:14:11","modified_gmt":"2023-04-27T02:14:11","slug":"o-amazonii","status":"publish","type":"page","link":"http:\/\/www.numlock.edu.pl\/amazonia\/index.php\/o-amazonii\/","title":{"rendered":"O Amazonii"},"content":{"rendered":"\n<p>Autorami Amazonii s\u0105 osoby z r\u00f3\u017cnych \u015bwiat\u00f3w. <a href=\"http:\/\/www.numlock.edu.pl\/amazonia\/index.php\/izabella-kaczmarczyk\/\" data-type=\"page\" data-id=\"67\">Iza<\/a>, do\u015bwiadczona <em>businesswoman<\/em> ze \u015bwiata <em>beauty<\/em>, i <a href=\"http:\/\/www.numlock.edu.pl\/amazonia\/index.php\/pawel-wimmer\/\" data-type=\"page\" data-id=\"74\">Pawe\u0142<\/a>, od parudziesi\u0119ciu lat dziennikarz prasy komputerowej. Oboje jednak zafascynowani s\u0142owem i mo\u017cliwo\u015bciami przekazu s\u0142owami i obrazami. Iza jest pierwszym skrzypkiem w tym tandemie, maluj\u0105c \u015bwiat zdj\u0119ciami przyrody i niezwyk\u0142\u0105 wra\u017cliwo\u015bci\u0105 jako pisarka. Pawe\u0142, autor i wydawca publikacji edukacyjnych, wspomaga j\u0105 dzia\u0142alno\u015bci\u0105 publicystyczn\u0105 na platformie Amazon (st\u0105d nazwa witryny), g\u0142\u00f3wnie tytu\u0142ami z dziedziny informatyki, ale tak\u017ce i j\u0119zyk\u00f3w sztucznych (od dziesi\u0105tek lat jego pasji lingwistycznej). Stara si\u0119 te\u017c zara\u017ca\u0107 mi\u0142o\u015bci\u0105 do ruchu, do fitness.<\/p>\n\n\n<div class=\"wp-block-image\">\n<figure class=\"alignleft size-full is-resized\"><img decoding=\"async\" loading=\"lazy\" src=\"http:\/\/www.numlock.edu.pl\/amazonia\/wp-content\/uploads\/2023\/04\/IzaOnas.jpg\" alt=\"\" class=\"wp-image-256\" width=\"244\" height=\"269\" srcset=\"http:\/\/www.numlock.edu.pl\/amazonia\/wp-content\/uploads\/2023\/04\/IzaOnas.jpg 763w, http:\/\/www.numlock.edu.pl\/amazonia\/wp-content\/uploads\/2023\/04\/IzaOnas-272x300.jpg 272w\" sizes=\"(max-width: 244px) 100vw, 244px\" \/><\/figure><\/div>\n\n\n<figure class=\"wp-block-image size-large is-resized\"><img decoding=\"async\" loading=\"lazy\" src=\"http:\/\/www.numlock.edu.pl\/amazonia\/wp-content\/uploads\/2023\/04\/FB_IMG_1609905130408-1024x1018.jpg\" alt=\"\" class=\"wp-image-254\" width=\"278\" height=\"277\" srcset=\"http:\/\/www.numlock.edu.pl\/amazonia\/wp-content\/uploads\/2023\/04\/FB_IMG_1609905130408-1024x1018.jpg 1024w, http:\/\/www.numlock.edu.pl\/amazonia\/wp-content\/uploads\/2023\/04\/FB_IMG_1609905130408-300x300.jpg 300w, http:\/\/www.numlock.edu.pl\/amazonia\/wp-content\/uploads\/2023\/04\/FB_IMG_1609905130408-150x150.jpg 150w, http:\/\/www.numlock.edu.pl\/amazonia\/wp-content\/uploads\/2023\/04\/FB_IMG_1609905130408-768x763.jpg 768w, http:\/\/www.numlock.edu.pl\/amazonia\/wp-content\/uploads\/2023\/04\/FB_IMG_1609905130408-1140x1133.jpg 1140w, http:\/\/www.numlock.edu.pl\/amazonia\/wp-content\/uploads\/2023\/04\/FB_IMG_1609905130408-75x75.jpg 75w, http:\/\/www.numlock.edu.pl\/amazonia\/wp-content\/uploads\/2023\/04\/FB_IMG_1609905130408.jpg 1155w\" sizes=\"(max-width: 278px) 100vw, 278px\" \/><\/figure>\n","protected":false},"excerpt":{"rendered":"<p>Autorami Amazonii s\u0105 osoby z r\u00f3\u017cnych \u015bwiat\u00f3w. Iza, do\u015bwiadczona businesswoman ze \u015bwiata beauty, i Pawe\u0142, od parudziesi\u0119ciu lat dziennikarz prasy komputerowej. Oboje jednak zafascynowani s\u0142owem i mo\u017cliwo\u015bciami przekazu s\u0142owami i obrazami. Iza jest pierwszym skrzypkiem w tym tandemie, maluj\u0105c \u015bwiat zdj\u0119ciami przyrody i niezwyk\u0142\u0105 wra\u017cliwo\u015bci\u0105 jako pisarka. Pawe\u0142, autor i wydawca publikacji edukacyjnych, wspomaga j\u0105 dzia\u0142alno\u015bci\u0105 publicystyczn\u0105 na platformie Amazon (st\u0105d nazwa witryny), g\u0142\u00f3wnie tytu\u0142ami z dziedziny informatyki, ale tak\u017ce i j\u0119zyk\u00f3w sztucznych (od dziesi\u0105tek lat jego pasji lingwistycznej). Stara si\u0119 te\u017c zara\u017ca\u0107 mi\u0142o\u015bci\u0105 do ruchu, do fitness.<\/p>\n","protected":false},"author":1,"featured_media":0,"parent":0,"menu_order":0,"comment_status":"closed","ping_status":"closed","template":"","meta":[],"_links":{"self":[{"href":"http:\/\/www.numlock.edu.pl\/amazonia\/index.php\/wp-json\/wp\/v2\/pages\/252"}],"collection":[{"href":"http:\/\/www.numlock.edu.pl\/amazonia\/index.php\/wp-json\/wp\/v2\/pages"}],"about":[{"href":"http:\/\/www.numlock.edu.pl\/amazonia\/index.php\/wp-json\/wp\/v2\/types\/page"}],"author":[{"embeddable":true,"href":"http:\/\/www.numlock.edu.pl\/amazonia\/index.php\/wp-json\/wp\/v2\/users\/1"}],"replies":[{"embeddable":true,"href":"http:\/\/www.numlock.edu.pl\/amazonia\/index.php\/wp-json\/wp\/v2\/comments?post=252"}],"version-history":[{"count":3,"href":"http:\/\/www.numlock.edu.pl\/amazonia\/index.php\/wp-json\/wp\/v2\/pages\/252\/revisions"}],"predecessor-version":[{"id":261,"href":"http:\/\/www.numlock.edu.pl\/amazonia\/index.php\/wp-json\/wp\/v2\/pages\/252\/revisions\/261"}],"wp:attachment":[{"href":"http:\/\/www.numlock.edu.pl\/amazonia\/index.php\/wp-json\/wp\/v2\/media?parent=252"}],"curies":[{"name":"wp","href":"https:\/\/api.w.org\/{rel}","templated":true}]}}