{"id":264,"date":"2023-04-27T04:25:24","date_gmt":"2023-04-27T02:25:24","guid":{"rendered":"http:\/\/www.numlock.edu.pl\/amazonia\/?page_id=264"},"modified":"2023-04-28T13:05:06","modified_gmt":"2023-04-28T11:05:06","slug":"o-kdp","status":"publish","type":"page","link":"http:\/\/www.numlock.edu.pl\/amazonia\/index.php\/o-kdp\/","title":{"rendered":"O KDP"},"content":{"rendered":"\n<p class=\"has-text-color\" style=\"color:#cfa32b\"><strong>Kindle Direct Publishing<\/strong>, platforma publikowania ksi\u0105\u017cek stworzona przez Amazon, to obecnie najpot\u0119\u017cniejszy wydawca ksi\u0105\u017cek na \u015bwiecie. Korzystamy z tak\u017ce z tego i my, Polacy, mog\u0105c od 2022 roku wydawa\u0107 ksi\u0105\u017cki papierowe, z mi\u0119kk\u0105 i tward\u0105 ok\u0142adk\u0105. W tym miejscu publikujemy kilka porad dotycz\u0105cych samodzielnego pisania i wydawania ksi\u0105\u017cek za pomoc\u0105 KDP, opartych na w\u0142asnych do\u015bwiadczeniach autora i wydawcy.<\/p>\n\n\n\n<h3 class=\"wp-block-heading\">Jak za\u0142o\u017cy\u0107 konto KDP i wyda\u0107 ksi\u0105\u017ck\u0119<\/h3>\n\n\n<div class=\"wp-block-image\">\n<figure class=\"alignleft size-large is-resized\"><img decoding=\"async\" loading=\"lazy\" src=\"http:\/\/www.numlock.edu.pl\/amazonia\/wp-content\/uploads\/2023\/04\/image-3-1024x632.png\" alt=\"\" class=\"wp-image-268\" width=\"395\" height=\"244\" srcset=\"http:\/\/www.numlock.edu.pl\/amazonia\/wp-content\/uploads\/2023\/04\/image-3-1024x632.png 1024w, http:\/\/www.numlock.edu.pl\/amazonia\/wp-content\/uploads\/2023\/04\/image-3-300x185.png 300w, http:\/\/www.numlock.edu.pl\/amazonia\/wp-content\/uploads\/2023\/04\/image-3-768x474.png 768w, http:\/\/www.numlock.edu.pl\/amazonia\/wp-content\/uploads\/2023\/04\/image-3-1140x703.png 1140w, http:\/\/www.numlock.edu.pl\/amazonia\/wp-content\/uploads\/2023\/04\/image-3.png 1279w\" sizes=\"(max-width: 395px) 100vw, 395px\" \/><\/figure><\/div>\n\n\n<p>W najwi\u0119kszym skr\u00f3cie, opowiem zainteresowanym, jak wyda\u0107 swoj\u0105 ksi\u0105\u017ck\u0119 w Amazonie.<\/p>\n\n\n\n<p>Najpierw trzeba za\u0142o\u017cy\u0107 konto w <a href=\"http:\/\/kdp.amazon.com\" target=\"_blank\" rel=\"noreferrer noopener\">kdp.amazon.com<\/a>. Trzeba wype\u0142ni\u0107 formularz, a z wa\u017cnych informacji trzeba poda\u0107 konto bankowe, na kt\u00f3re b\u0119d\u0105 sp\u0142ywa\u0107 honoraria (PLxxxxxxx&#8230;) oraz tzw.&nbsp;<strong>TIN<\/strong>, czyli&nbsp;<strong>Tax Identification Number<\/strong>, kt\u00f3rym w Polsce mo\u017ce by\u0107 PESEL.<\/p>\n\n\n\n<p>Gdy ju\u017c mamy konto, logujemy si\u0119 na nie, a nast\u0119pnie wchodzimy na nasz Bookshelf, gdzie mo\u017cemy tworzy\u0107 publikacje. Na razie Polacy mog\u0105 tworzy\u0107 po polsku (od zesz\u0142ego roku) ksi\u0105\u017cki papierowe (<em>paperback&nbsp;<\/em>i&nbsp;<em>hardcover<\/em>), ebook\u00f3w jeszcze nie.<\/p>\n\n\n\n<p>Tworzymy now\u0105 ksi\u0105\u017ck\u0119 i wybieramy np. opcj\u0119 paperback. Wype\u0142niamy w trzech fazach formularz. W drugiej fazie dochodzimy w pewnym momencie do wysy\u0142ania materia\u0142\u00f3w, z kt\u00f3rych powstaje nasza ksi\u0105\u017cka (zak\u0142adam tutaj, \u017ce to normalna ksi\u0105\u017cka). To dwa pliki PDF (Amazon sugeruje ten format), z ok\u0142adk\u0105 i sam\u0105 ksi\u0105\u017ck\u0105.<\/p>\n\n\n\n<p>Ja sam wybieram format 6&#215;9 cali, a w przypadku ok\u0142adki dok\u0142adam jeszcze z ka\u017cdej strony obu cz\u0119\u015bci ok\u0142adki po 3,2 mm, aby drukarnia mog\u0142a bezpiecznie ci\u0105\u0107. Ok\u0142adki robi\u0119 w <a href=\"http:\/\/Canva.com\" target=\"_blank\" rel=\"noreferrer noopener\">Canva.com<\/a> (to mo\u017ce by\u0107 oczywi\u015bcie dowolne narz\u0119dzie), a ksi\u0105\u017ck\u0119 pisz\u0119 w Wordzie i zapisuj\u0119 jako PDF.<\/p>\n\n\n\n<p>System \u0142\u0105czy obie cz\u0119\u015bci i zaprasza do uruchomienia podgl\u0105du publikacji, wskazuj\u0105c mo\u017cliwe b\u0142\u0119dy. Je\u015bli wszystko jest OK, trzeba klikn\u0105\u0107 przycisk&nbsp;<strong>Approve&nbsp;<\/strong>i system wy\u015bwietla wtedy ci\u0105g dalszy formularza, ale ju\u017c z miejscem na ustalenie ceny. Autor widzi na bie\u017c\u0105co, jaki jest koszt druku oraz jakie dostanie honorarium zale\u017cnie od ceny. Gdy ustali cen\u0119 &#8211; np. w z\u0142otych na platformie <a href=\"http:\/\/Amazon.pl\" target=\"_blank\" rel=\"noreferrer noopener\">Amazon.pl<\/a> &#8211; wysy\u0142a ostatecznie publikacj\u0119 na platform\u0119, gdzie przyjmuje ona status<strong>&nbsp;In Review<\/strong>, czyli Amazon sprawdza, czy wszystko jest OK. Trwa to maksymalnie 72 godziny, ale zazwyczaj dob\u0119. Wtedy publikacja dostaje kolejno status&nbsp;<strong>Publishing&nbsp;<\/strong>w trakcie rozchodzenia si\u0119 po lokalnych amazonach, a potem status&nbsp;<strong>Live&nbsp;<\/strong>&#8211; wtedy jest do kupienia w Amazonie.<\/p>\n\n\n\n<p>Wszystko to jest BEZP\u0141ATNE! Amazon pobiera swoje dopiero wtedy, gdy kto\u015b zam\u00f3wi ksi\u0105\u017ck\u0119 i zap\u0142aci za ni\u0105. Tu nie ma poj\u0119cia nak\u0142adu &#8211; to&nbsp;<em>print-on-demand<\/em>, czyli druk na \u017c\u0105danie. Autor mo\u017ce poprosi\u0107 o przys\u0142anie egzemplarzy autorskich, dowoln\u0105 liczb\u0119, ale maksymalnie 999 w jednym zam\u00f3wieniu, po koszcie druku. Ja sam poprosi\u0142em o przys\u0142anie 50 egzemplarzy ksi\u0105\u017ceczki Izy Kaczmarczyk, kt\u00f3r\u0105 wyda\u0142em. Cho\u0107 ksi\u0105\u017ceczka kosztuje w ksi\u0119garni Amazona 30 z\u0142otych, egzemplarze autorskie kosztowa\u0142y mniej ni\u017c 10 z\u0142 (90 stron). A druk wykona\u0142a&#8230; drukarnia Amazona we Wroc\u0142awiu. Kupi\u0142em r\u00f3wnie\u017c egzemplarze autorskie mojego podr\u0119cznika o Prezentacjach Google i o Wordzie. Jako\u015b\u0107 (druk czarno-bia\u0142y) jest zaskakuj\u0105co dobra.<\/p>\n\n\n\n<p>Wa\u017cna kwestia. Normalnie korzystamy z numeru&nbsp;<strong>ISBN&nbsp;<\/strong>przydzielanego za darmo przez Amazona. Jednak poniewa\u017c egzemplarzami autorskimi mo\u017cna handlowa\u0107 POZA Amazonem, konieczne jest ju\u017c uzyskanie ISBN w Bibliotece Narodowej. To do\u015b\u0107 ciekawa opcja, bo np. gdy moja ksi\u0105\u017ceczka o prezentacjach kosztuje w Amazonie 40 z\u0142otych, to z tego druk tylko 10 (10 dla autora, 20 bierze platforma), wi\u0119c takie egzemplarze mo\u017cna sprzedawa\u0107 taniej ni\u017c w Amazonie, a jednak mie\u0107 wi\u0119cej w roli autora.<\/p>\n\n\n\n<p>W Amazonie nie ma poj\u0119cia nak\u0142adu, gdy\u017c jest to druk na \u017c\u0105danie. Biblioteka Narodowa przyjmuje jednak, \u017ce \u201cnak\u0142ad\u201d wynosi 100 egzemplarzy i w zwi\u0105zku z tym trzeba wys\u0142a\u0107 dwa egzemplarze obowi\u0105zkowe &#8211; do Biblioteki Narodowej w Warszawie i do Biblioteki Uniwersytetu Jagiello\u0144skiego.<\/p>\n\n\n\n<p>Oczywi\u015bcie dla wielu os\u00f3b istotna b\u0119dzie mo\u017cliwo\u015b\u0107 rozdania w\u0142asnej ksi\u0105\u017cki w prezencie.<\/p>\n\n\n\n<p>W cz\u0119\u015bci&nbsp;<strong>Reports&nbsp;<\/strong>mo\u017cna sprawdza\u0107 stan sprzeda\u017cy ksi\u0105\u017cek. Pierwsze honoraria Amazon wyp\u0142aca po dw\u00f3ch miesi\u0105cach, ale kolejne ju\u017c co miesi\u0105c. Z polskim fiskusem rozliczamy si\u0119 w PIT, bior\u0105c dane z przys\u0142anego raportu Amazona i wpisuj\u0105c je jako dochody z praw autorskich.<\/p>\n\n\n\n<p>S\u0142u\u017c\u0119 zainteresowanym pomoc\u0105 na podstawie mojego do\u015bwiadczenia. Je\u015bli b\u0119d\u0119 wiedzia\u0142, to ch\u0119tnie podziel\u0119 si\u0119 t\u0105 wiedz\u0105. Sam wyda\u0142em ju\u017c kilka ksi\u0105\u017cek (w tym trzy w\u0142asne), pisz\u0119 kolejne.<\/p>\n","protected":false},"excerpt":{"rendered":"<p>Kindle Direct Publishing, platforma publikowania ksi\u0105\u017cek stworzona przez Amazon, to obecnie najpot\u0119\u017cniejszy wydawca ksi\u0105\u017cek na \u015bwiecie. Korzystamy z tak\u017ce z tego i my, Polacy, mog\u0105c od 2022 roku wydawa\u0107 ksi\u0105\u017cki papierowe, z mi\u0119kk\u0105 i tward\u0105 ok\u0142adk\u0105. W tym miejscu publikujemy kilka porad dotycz\u0105cych samodzielnego pisania i wydawania ksi\u0105\u017cek za pomoc\u0105 KDP, opartych na w\u0142asnych do\u015bwiadczeniach autora i wydawcy. Jak za\u0142o\u017cy\u0107 konto KDP i wyda\u0107 ksi\u0105\u017ck\u0119 W najwi\u0119kszym skr\u00f3cie, opowiem zainteresowanym, jak wyda\u0107 swoj\u0105 ksi\u0105\u017ck\u0119 w Amazonie. Najpierw trzeba za\u0142o\u017cy\u0107 konto w kdp.amazon.com. Trzeba wype\u0142ni\u0107 formularz, a z wa\u017cnych informacji trzeba poda\u0107 konto bankowe, na kt\u00f3re b\u0119d\u0105 sp\u0142ywa\u0107 honoraria (PLxxxxxxx&#8230;) oraz tzw.&nbsp;TIN, czyli&nbsp;Tax Identification Number, kt\u00f3rym w Polsce mo\u017ce by\u0107 PESEL. Gdy ju\u017c mamy konto, logujemy si\u0119 na nie, a nast\u0119pnie wchodzimy na nasz Bookshelf, gdzie mo\u017cemy tworzy\u0107 publikacje. Na razie Polacy mog\u0105 tworzy\u0107 po polsku (od zesz\u0142ego roku) ksi\u0105\u017cki papierowe (paperback&nbsp;i&nbsp;hardcover), ebook\u00f3w jeszcze nie. Tworzymy now\u0105 ksi\u0105\u017ck\u0119 i wybieramy np. opcj\u0119 paperback. Wype\u0142niamy w trzech fazach formularz. W drugiej fazie dochodzimy w pewnym momencie do wysy\u0142ania materia\u0142\u00f3w, z kt\u00f3rych powstaje nasza ksi\u0105\u017cka (zak\u0142adam tutaj, \u017ce to normalna ksi\u0105\u017cka). To dwa pliki PDF (Amazon sugeruje ten format), z ok\u0142adk\u0105 i sam\u0105 ksi\u0105\u017ck\u0105. Ja sam wybieram format 6&#215;9 cali, a w przypadku ok\u0142adki dok\u0142adam jeszcze z ka\u017cdej strony obu cz\u0119\u015bci ok\u0142adki po 3,2 mm, aby drukarnia mog\u0142a bezpiecznie ci\u0105\u0107. Ok\u0142adki robi\u0119 w Canva.com (to mo\u017ce by\u0107 oczywi\u015bcie dowolne narz\u0119dzie), a ksi\u0105\u017ck\u0119 pisz\u0119 w Wordzie i zapisuj\u0119 jako PDF. System \u0142\u0105czy obie cz\u0119\u015bci i zaprasza do uruchomienia podgl\u0105du publikacji, wskazuj\u0105c mo\u017cliwe b\u0142\u0119dy. Je\u015bli wszystko jest OK, trzeba klikn\u0105\u0107 przycisk&nbsp;Approve&nbsp;i system wy\u015bwietla wtedy ci\u0105g dalszy formularza, ale ju\u017c z miejscem na ustalenie ceny. Autor widzi na bie\u017c\u0105co, jaki jest koszt druku oraz jakie dostanie honorarium zale\u017cnie od ceny. Gdy ustali cen\u0119 &#8211; np. w z\u0142otych na platformie Amazon.pl &#8211; wysy\u0142a ostatecznie publikacj\u0119 na platform\u0119, gdzie przyjmuje ona status&nbsp;In Review, czyli Amazon sprawdza, czy wszystko jest OK. Trwa to maksymalnie 72 godziny, ale zazwyczaj dob\u0119. Wtedy publikacja dostaje kolejno status&nbsp;Publishing&nbsp;w trakcie rozchodzenia si\u0119 po lokalnych amazonach, a potem status&nbsp;Live&nbsp;&#8211; wtedy jest do kupienia w Amazonie. Wszystko to jest BEZP\u0141ATNE! Amazon pobiera swoje dopiero wtedy, gdy kto\u015b zam\u00f3wi ksi\u0105\u017ck\u0119 i zap\u0142aci za ni\u0105. Tu nie ma poj\u0119cia nak\u0142adu &#8211; to&nbsp;print-on-demand, czyli druk na \u017c\u0105danie. Autor mo\u017ce poprosi\u0107 o przys\u0142anie egzemplarzy autorskich, dowoln\u0105 liczb\u0119, ale maksymalnie 999 w jednym zam\u00f3wieniu, po koszcie druku. Ja sam poprosi\u0142em o przys\u0142anie 50 egzemplarzy ksi\u0105\u017ceczki Izy Kaczmarczyk, kt\u00f3r\u0105 wyda\u0142em. Cho\u0107 ksi\u0105\u017ceczka kosztuje w ksi\u0119garni Amazona 30 z\u0142otych, egzemplarze autorskie kosztowa\u0142y mniej ni\u017c 10 z\u0142 (90 stron). A druk wykona\u0142a&#8230; drukarnia Amazona we Wroc\u0142awiu. Kupi\u0142em r\u00f3wnie\u017c egzemplarze autorskie mojego podr\u0119cznika o Prezentacjach Google i o Wordzie. Jako\u015b\u0107 (druk czarno-bia\u0142y) jest zaskakuj\u0105co dobra. Wa\u017cna kwestia. Normalnie korzystamy z numeru&nbsp;ISBN&nbsp;przydzielanego za darmo przez Amazona. Jednak poniewa\u017c egzemplarzami autorskimi mo\u017cna handlowa\u0107 POZA Amazonem, konieczne jest ju\u017c uzyskanie ISBN w Bibliotece Narodowej. To do\u015b\u0107 ciekawa opcja, bo np. gdy moja ksi\u0105\u017ceczka o prezentacjach kosztuje w Amazonie 40 z\u0142otych, to z tego druk tylko 10 (10 dla autora, 20 bierze platforma), wi\u0119c takie egzemplarze mo\u017cna sprzedawa\u0107 taniej ni\u017c w Amazonie, a jednak mie\u0107 wi\u0119cej w roli autora. W Amazonie nie ma poj\u0119cia nak\u0142adu, gdy\u017c jest to druk na \u017c\u0105danie. Biblioteka Narodowa przyjmuje jednak, \u017ce \u201cnak\u0142ad\u201d wynosi 100 egzemplarzy i w zwi\u0105zku z tym trzeba wys\u0142a\u0107 dwa egzemplarze obowi\u0105zkowe &#8211; do Biblioteki Narodowej w Warszawie i do Biblioteki Uniwersytetu Jagiello\u0144skiego. Oczywi\u015bcie dla wielu os\u00f3b istotna b\u0119dzie mo\u017cliwo\u015b\u0107 rozdania w\u0142asnej ksi\u0105\u017cki w prezencie. W cz\u0119\u015bci&nbsp;Reports&nbsp;mo\u017cna sprawdza\u0107 stan sprzeda\u017cy ksi\u0105\u017cek. Pierwsze honoraria Amazon wyp\u0142aca po dw\u00f3ch miesi\u0105cach, ale kolejne ju\u017c co miesi\u0105c. Z polskim fiskusem rozliczamy si\u0119 w PIT, bior\u0105c dane z przys\u0142anego raportu Amazona i wpisuj\u0105c je jako dochody z praw autorskich. S\u0142u\u017c\u0119 zainteresowanym pomoc\u0105 na podstawie mojego do\u015bwiadczenia. Je\u015bli b\u0119d\u0119 wiedzia\u0142, to ch\u0119tnie podziel\u0119 si\u0119 t\u0105 wiedz\u0105. Sam wyda\u0142em ju\u017c kilka ksi\u0105\u017cek (w tym trzy w\u0142asne), pisz\u0119 kolejne.<\/p>\n","protected":false},"author":3,"featured_media":0,"parent":0,"menu_order":0,"comment_status":"closed","ping_status":"closed","template":"","meta":[],"_links":{"self":[{"href":"http:\/\/www.numlock.edu.pl\/amazonia\/index.php\/wp-json\/wp\/v2\/pages\/264"}],"collection":[{"href":"http:\/\/www.numlock.edu.pl\/amazonia\/index.php\/wp-json\/wp\/v2\/pages"}],"about":[{"href":"http:\/\/www.numlock.edu.pl\/amazonia\/index.php\/wp-json\/wp\/v2\/types\/page"}],"author":[{"embeddable":true,"href":"http:\/\/www.numlock.edu.pl\/amazonia\/index.php\/wp-json\/wp\/v2\/users\/3"}],"replies":[{"embeddable":true,"href":"http:\/\/www.numlock.edu.pl\/amazonia\/index.php\/wp-json\/wp\/v2\/comments?post=264"}],"version-history":[{"count":9,"href":"http:\/\/www.numlock.edu.pl\/amazonia\/index.php\/wp-json\/wp\/v2\/pages\/264\/revisions"}],"predecessor-version":[{"id":374,"href":"http:\/\/www.numlock.edu.pl\/amazonia\/index.php\/wp-json\/wp\/v2\/pages\/264\/revisions\/374"}],"wp:attachment":[{"href":"http:\/\/www.numlock.edu.pl\/amazonia\/index.php\/wp-json\/wp\/v2\/media?parent=264"}],"curies":[{"name":"wp","href":"https:\/\/api.w.org\/{rel}","templated":true}]}}