{"id":337,"date":"2023-04-27T11:33:09","date_gmt":"2023-04-27T09:33:09","guid":{"rendered":"http:\/\/www.numlock.edu.pl\/amazonia\/?page_id=337"},"modified":"2023-04-28T12:55:34","modified_gmt":"2023-04-28T10:55:34","slug":"konversaciaj-fomuloj-en-esperanto","status":"publish","type":"page","link":"http:\/\/www.numlock.edu.pl\/amazonia\/index.php\/konversaciaj-fomuloj-en-esperanto\/","title":{"rendered":"Konversaciaj Fomuloj en Esperanto"},"content":{"rendered":"<div class=\"wp-block-image\">\n<figure class=\"alignleft size-large is-resized\"><img decoding=\"async\" loading=\"lazy\" src=\"http:\/\/www.numlock.edu.pl\/amazonia\/wp-content\/uploads\/2023\/04\/KonversaciajFormuloj-674x1024.jpg\" alt=\"\" class=\"wp-image-338\" width=\"179\" height=\"272\" srcset=\"http:\/\/www.numlock.edu.pl\/amazonia\/wp-content\/uploads\/2023\/04\/KonversaciajFormuloj-674x1024.jpg 674w, http:\/\/www.numlock.edu.pl\/amazonia\/wp-content\/uploads\/2023\/04\/KonversaciajFormuloj-197x300.jpg 197w, http:\/\/www.numlock.edu.pl\/amazonia\/wp-content\/uploads\/2023\/04\/KonversaciajFormuloj-768x1168.jpg 768w, http:\/\/www.numlock.edu.pl\/amazonia\/wp-content\/uploads\/2023\/04\/KonversaciajFormuloj-1010x1536.jpg 1010w, http:\/\/www.numlock.edu.pl\/amazonia\/wp-content\/uploads\/2023\/04\/KonversaciajFormuloj-1140x1733.jpg 1140w, http:\/\/www.numlock.edu.pl\/amazonia\/wp-content\/uploads\/2023\/04\/KonversaciajFormuloj.jpg 1347w\" sizes=\"(max-width: 179px) 100vw, 179px\" \/><\/figure><\/div>\n\n\n<p>Pawe\u0142 Wimmer, <strong>Konversaciaj Formuloj en Esperanto<\/strong>, Wyd. I, Varsovio 2023<\/p>\n\n\n\n<p><a href=\"https:\/\/www.amazon.pl\/dp\/B0BYRNDSZN?ref_=cm_sw_r_cp_ud_dp_SGWMX6WXDRCSASK4RY9T\" target=\"_blank\" rel=\"noreferrer noopener\">Adres w Amazon.pl<\/a><\/p>\n\n\n\n<p>Oko\u0142o 500 tematycznie u\u0142o\u017conych fraz konwersacyjnych w j\u0119zyku esperanto, obejmuj\u0105cych powitania, wyra\u017canie \u017calu, pewno\u015bci, w\u0105tpliwo\u015bci, podzi\u0119kowa\u0144 itp., w sumie 17 zbior\u00f3w fraz.<\/p>\n\n\n\n<p><a href=\"http:\/\/www.numlock.edu.pl\/amazonia\/index.php\/konversaciaj-formuloj-en-esperanto-pdf\/\" data-type=\"page\" data-id=\"486\">Fragment publikacji w formacie PDF<\/a><\/p>\n","protected":false},"excerpt":{"rendered":"<p>Pawe\u0142 Wimmer, Konversaciaj Formuloj en Esperanto, Wyd. I, Varsovio 2023 Adres w Amazon.pl Oko\u0142o 500 tematycznie u\u0142o\u017conych fraz konwersacyjnych w j\u0119zyku esperanto, obejmuj\u0105cych powitania, wyra\u017canie \u017calu, pewno\u015bci, w\u0105tpliwo\u015bci, podzi\u0119kowa\u0144 itp., w sumie 17 zbior\u00f3w fraz. Fragment publikacji w formacie PDF<\/p>\n","protected":false},"author":3,"featured_media":0,"parent":0,"menu_order":0,"comment_status":"closed","ping_status":"closed","template":"","meta":[],"_links":{"self":[{"href":"http:\/\/www.numlock.edu.pl\/amazonia\/index.php\/wp-json\/wp\/v2\/pages\/337"}],"collection":[{"href":"http:\/\/www.numlock.edu.pl\/amazonia\/index.php\/wp-json\/wp\/v2\/pages"}],"about":[{"href":"http:\/\/www.numlock.edu.pl\/amazonia\/index.php\/wp-json\/wp\/v2\/types\/page"}],"author":[{"embeddable":true,"href":"http:\/\/www.numlock.edu.pl\/amazonia\/index.php\/wp-json\/wp\/v2\/users\/3"}],"replies":[{"embeddable":true,"href":"http:\/\/www.numlock.edu.pl\/amazonia\/index.php\/wp-json\/wp\/v2\/comments?post=337"}],"version-history":[{"count":3,"href":"http:\/\/www.numlock.edu.pl\/amazonia\/index.php\/wp-json\/wp\/v2\/pages\/337\/revisions"}],"predecessor-version":[{"id":488,"href":"http:\/\/www.numlock.edu.pl\/amazonia\/index.php\/wp-json\/wp\/v2\/pages\/337\/revisions\/488"}],"wp:attachment":[{"href":"http:\/\/www.numlock.edu.pl\/amazonia\/index.php\/wp-json\/wp\/v2\/media?parent=337"}],"curies":[{"name":"wp","href":"https:\/\/api.w.org\/{rel}","templated":true}]}}