{"id":462,"date":"2023-04-28T02:52:28","date_gmt":"2023-04-28T00:52:28","guid":{"rendered":"http:\/\/www.numlock.edu.pl\/amazonia\/?page_id=462"},"modified":"2023-04-28T12:56:30","modified_gmt":"2023-04-28T10:56:30","slug":"microsoft-word-100-porad-pdf","status":"publish","type":"page","link":"http:\/\/www.numlock.edu.pl\/amazonia\/index.php\/microsoft-word-100-porad-pdf\/","title":{"rendered":"Microsoft Word: 100 porad &#8211; PDF"},"content":{"rendered":"\n<p>Pliki zawieraj\u0105 fragmenty tre\u015bci publikacji.<\/p>\n\n\n\n<p><strong>Spis tre\u015bci<\/strong><\/p>\n\n\n\n<div class=\"wp-block-file\"><object class=\"wp-block-file__embed\" data=\"http:\/\/www.numlock.edu.pl\/amazonia\/wp-content\/uploads\/2023\/04\/Word100Porad-Spis.pdf\" type=\"application\/pdf\" style=\"width:100%;height:600px\" aria-label=\"Osadzone z Word100Porad-Spis.\"><\/object><a id=\"wp-block-file--media-ffa5b105-5178-460d-bc6d-e6629a55e8b5\" href=\"http:\/\/www.numlock.edu.pl\/amazonia\/wp-content\/uploads\/2023\/04\/Word100Porad-Spis.pdf\">Word100Porad-Spis<\/a><a href=\"http:\/\/www.numlock.edu.pl\/amazonia\/wp-content\/uploads\/2023\/04\/Word100Porad-Spis.pdf\" class=\"wp-block-file__button wp-element-button\" download aria-describedby=\"wp-block-file--media-ffa5b105-5178-460d-bc6d-e6629a55e8b5\">Pobierz<\/a><\/div>\n\n\n\n<p><strong>Porady<\/strong><\/p>\n\n\n\n<div class=\"wp-block-file\"><object class=\"wp-block-file__embed\" data=\"http:\/\/www.numlock.edu.pl\/amazonia\/wp-content\/uploads\/2023\/04\/Word100Porad-Porady.pdf\" type=\"application\/pdf\" style=\"width:100%;height:600px\" aria-label=\"Osadzone z Word100Porad-Porady.\"><\/object><a id=\"wp-block-file--media-4299156b-8bad-4db2-9042-756aca90bc28\" href=\"http:\/\/www.numlock.edu.pl\/amazonia\/wp-content\/uploads\/2023\/04\/Word100Porad-Porady.pdf\">Word100Porad-Porady<\/a><a href=\"http:\/\/www.numlock.edu.pl\/amazonia\/wp-content\/uploads\/2023\/04\/Word100Porad-Porady.pdf\" class=\"wp-block-file__button wp-element-button\" download aria-describedby=\"wp-block-file--media-4299156b-8bad-4db2-9042-756aca90bc28\">Pobierz<\/a><\/div>\n\n\n\n<p><strong>Leksykon<\/strong><\/p>\n\n\n\n<div class=\"wp-block-file\"><object class=\"wp-block-file__embed\" data=\"http:\/\/www.numlock.edu.pl\/amazonia\/wp-content\/uploads\/2023\/04\/Word100Porad-Leksykon.pdf\" type=\"application\/pdf\" style=\"width:100%;height:600px\" aria-label=\"Osadzone z Word100Porad-Leksykon.\"><\/object><a id=\"wp-block-file--media-806ff728-f782-48e6-97ca-26d49a641c76\" href=\"http:\/\/www.numlock.edu.pl\/amazonia\/wp-content\/uploads\/2023\/04\/Word100Porad-Leksykon.pdf\">Word100Porad-Leksykon<\/a><a href=\"http:\/\/www.numlock.edu.pl\/amazonia\/wp-content\/uploads\/2023\/04\/Word100Porad-Leksykon.pdf\" class=\"wp-block-file__button wp-element-button\" download aria-describedby=\"wp-block-file--media-806ff728-f782-48e6-97ca-26d49a641c76\">Pobierz<\/a><\/div>\n","protected":false},"excerpt":{"rendered":"<p>Pliki zawieraj\u0105 fragmenty tre\u015bci publikacji. Spis tre\u015bci Porady Leksykon<\/p>\n","protected":false},"author":3,"featured_media":0,"parent":0,"menu_order":0,"comment_status":"closed","ping_status":"closed","template":"","meta":[],"_links":{"self":[{"href":"http:\/\/www.numlock.edu.pl\/amazonia\/index.php\/wp-json\/wp\/v2\/pages\/462"}],"collection":[{"href":"http:\/\/www.numlock.edu.pl\/amazonia\/index.php\/wp-json\/wp\/v2\/pages"}],"about":[{"href":"http:\/\/www.numlock.edu.pl\/amazonia\/index.php\/wp-json\/wp\/v2\/types\/page"}],"author":[{"embeddable":true,"href":"http:\/\/www.numlock.edu.pl\/amazonia\/index.php\/wp-json\/wp\/v2\/users\/3"}],"replies":[{"embeddable":true,"href":"http:\/\/www.numlock.edu.pl\/amazonia\/index.php\/wp-json\/wp\/v2\/comments?post=462"}],"version-history":[{"count":1,"href":"http:\/\/www.numlock.edu.pl\/amazonia\/index.php\/wp-json\/wp\/v2\/pages\/462\/revisions"}],"predecessor-version":[{"id":463,"href":"http:\/\/www.numlock.edu.pl\/amazonia\/index.php\/wp-json\/wp\/v2\/pages\/462\/revisions\/463"}],"wp:attachment":[{"href":"http:\/\/www.numlock.edu.pl\/amazonia\/index.php\/wp-json\/wp\/v2\/media?parent=462"}],"curies":[{"name":"wp","href":"https:\/\/api.w.org\/{rel}","templated":true}]}}