{"id":596,"date":"2023-05-05T04:19:59","date_gmt":"2023-05-05T02:19:59","guid":{"rendered":"http:\/\/www.numlock.edu.pl\/amazonia\/?page_id=596"},"modified":"2023-05-05T04:26:36","modified_gmt":"2023-05-05T02:26:36","slug":"jak-pisac-formuly-matematyczne-w-libreoffice-math","status":"publish","type":"page","link":"http:\/\/www.numlock.edu.pl\/amazonia\/index.php\/jak-pisac-formuly-matematyczne-w-libreoffice-math\/","title":{"rendered":"Jak pisa\u0107 formu\u0142y matematyczne w LibreOffice Math"},"content":{"rendered":"<div class=\"wp-block-image\">\n<figure class=\"alignleft size-large is-resized\"><img decoding=\"async\" loading=\"lazy\" src=\"http:\/\/www.numlock.edu.pl\/amazonia\/wp-content\/uploads\/2023\/05\/image-691x1024.png\" alt=\"\" class=\"wp-image-597\" width=\"230\" height=\"341\" srcset=\"http:\/\/www.numlock.edu.pl\/amazonia\/wp-content\/uploads\/2023\/05\/image-691x1024.png 691w, http:\/\/www.numlock.edu.pl\/amazonia\/wp-content\/uploads\/2023\/05\/image-202x300.png 202w, http:\/\/www.numlock.edu.pl\/amazonia\/wp-content\/uploads\/2023\/05\/image-768x1138.png 768w, http:\/\/www.numlock.edu.pl\/amazonia\/wp-content\/uploads\/2023\/05\/image.png 830w\" sizes=\"(max-width: 230px) 100vw, 230px\" \/><\/figure><\/div>\n\n\n<p>Pawe\u0142 Wimmer, <strong>Jak pisa\u0107 formu\u0142y matematyczne w LibreOffice Math<\/strong>, Wyd. I., Warszawa 2023, 45 str.<\/p>\n\n\n\n<p><a href=\"https:\/\/a.co\/d\/4nP2Uw8\" target=\"_blank\" rel=\"noreferrer noopener\">Adres w Amazon.com<\/a><\/p>\n\n\n\n<p>Jednym z najbardziej atrakcyjnych narz\u0119dzi pakietu LibreOffice jest Math \u2013 zaawansowany edytor formu\u0142 matematycznych.<\/p>\n\n\n\n<p>Z formu\u0142ami matematycznymi stykaj\u0105 si\u0119 na co dzie\u0144 naukowcy, studenci wielu kierunk\u00f3w i uczniowie szk\u00f3\u0142 \u015brednich, zatem znajomo\u015b\u0107 LibreOffice Math przyda si\u0119 w trakcie nauki, gdy przyjdzie do sporz\u0105dzenia dokumentu zawieraj\u0105cego takie formu\u0142y. Co ciekawe, sk\u0142adnia formu\u0142 jest do\u015b\u0107 prosta i potrzeba niewiele czasu, aby nabra\u0107 bieg\u0142o\u015bci w ich tworzeniu \u2013 praktyka pokazuje, \u017ce cho\u0107 pocz\u0105tkowo wi\u0119kszo\u015b\u0107 os\u00f3b korzysta ze specjalnych okienek zawieraj\u0105cych znaki wchodz\u0105ce w sk\u0142ad formu\u0142, rych\u0142o okazuje si\u0119, \u017ce szybciej i wygodniej jest wpisywa\u0107 sk\u0142adni\u0119 formu\u0142 r\u0119cznie i jednym klikni\u0119ciem przekszta\u0142ca\u0107 je do graficznej postaci. Poradnik przedstawia techniki tworzenia formu\u0142, ilustruj\u0105c je praktycznymi przyk\u0142adami.<\/p>\n\n\n\n<p>\u201eJak pisa\u0107 formu\u0142y matematyczne w LibreOffice Math\u201d opisuje stan LibreOffice 7.4, z po\u0142owy 2023 roku.<\/p>\n","protected":false},"excerpt":{"rendered":"<p>Pawe\u0142 Wimmer, Jak pisa\u0107 formu\u0142y matematyczne w LibreOffice Math, Wyd. I., Warszawa 2023, 45 str. Adres w Amazon.com Jednym z najbardziej atrakcyjnych narz\u0119dzi pakietu LibreOffice jest Math \u2013 zaawansowany edytor formu\u0142 matematycznych. Z formu\u0142ami matematycznymi stykaj\u0105 si\u0119 na co dzie\u0144 naukowcy, studenci wielu kierunk\u00f3w i uczniowie szk\u00f3\u0142 \u015brednich, zatem znajomo\u015b\u0107 LibreOffice Math przyda si\u0119 w trakcie nauki, gdy przyjdzie do sporz\u0105dzenia dokumentu zawieraj\u0105cego takie formu\u0142y. Co ciekawe, sk\u0142adnia formu\u0142 jest do\u015b\u0107 prosta i potrzeba niewiele czasu, aby nabra\u0107 bieg\u0142o\u015bci w ich tworzeniu \u2013 praktyka pokazuje, \u017ce cho\u0107 pocz\u0105tkowo wi\u0119kszo\u015b\u0107 os\u00f3b korzysta ze specjalnych okienek zawieraj\u0105cych znaki wchodz\u0105ce w sk\u0142ad formu\u0142, rych\u0142o okazuje si\u0119, \u017ce szybciej i wygodniej jest wpisywa\u0107 sk\u0142adni\u0119 formu\u0142 r\u0119cznie i jednym klikni\u0119ciem przekszta\u0142ca\u0107 je do graficznej postaci. Poradnik przedstawia techniki tworzenia formu\u0142, ilustruj\u0105c je praktycznymi przyk\u0142adami. \u201eJak pisa\u0107 formu\u0142y matematyczne w LibreOffice Math\u201d opisuje stan LibreOffice 7.4, z po\u0142owy 2023 roku.<\/p>\n","protected":false},"author":1,"featured_media":0,"parent":0,"menu_order":0,"comment_status":"closed","ping_status":"closed","template":"","meta":[],"_links":{"self":[{"href":"http:\/\/www.numlock.edu.pl\/amazonia\/index.php\/wp-json\/wp\/v2\/pages\/596"}],"collection":[{"href":"http:\/\/www.numlock.edu.pl\/amazonia\/index.php\/wp-json\/wp\/v2\/pages"}],"about":[{"href":"http:\/\/www.numlock.edu.pl\/amazonia\/index.php\/wp-json\/wp\/v2\/types\/page"}],"author":[{"embeddable":true,"href":"http:\/\/www.numlock.edu.pl\/amazonia\/index.php\/wp-json\/wp\/v2\/users\/1"}],"replies":[{"embeddable":true,"href":"http:\/\/www.numlock.edu.pl\/amazonia\/index.php\/wp-json\/wp\/v2\/comments?post=596"}],"version-history":[{"count":2,"href":"http:\/\/www.numlock.edu.pl\/amazonia\/index.php\/wp-json\/wp\/v2\/pages\/596\/revisions"}],"predecessor-version":[{"id":601,"href":"http:\/\/www.numlock.edu.pl\/amazonia\/index.php\/wp-json\/wp\/v2\/pages\/596\/revisions\/601"}],"wp:attachment":[{"href":"http:\/\/www.numlock.edu.pl\/amazonia\/index.php\/wp-json\/wp\/v2\/media?parent=596"}],"curies":[{"name":"wp","href":"https:\/\/api.w.org\/{rel}","templated":true}]}}