{"id":74,"date":"2023-04-26T16:06:29","date_gmt":"2023-04-26T14:06:29","guid":{"rendered":"http:\/\/www.numlock.edu.pl\/amazonia\/?page_id=74"},"modified":"2023-04-29T23:16:55","modified_gmt":"2023-04-29T21:16:55","slug":"pawel-wimmer","status":"publish","type":"page","link":"http:\/\/www.numlock.edu.pl\/amazonia\/index.php\/pawel-wimmer\/","title":{"rendered":"Pawe\u0142 Wimmer"},"content":{"rendered":"<div class=\"wp-block-image is-style-rounded\">\n<figure class=\"alignleft size-large is-resized\"><img decoding=\"async\" loading=\"lazy\" src=\"http:\/\/www.numlock.edu.pl\/amazonia\/wp-content\/uploads\/2023\/04\/PWamazon-1007x1024.jpg\" alt=\"\" class=\"wp-image-88\" width=\"271\" height=\"275\" srcset=\"http:\/\/www.numlock.edu.pl\/amazonia\/wp-content\/uploads\/2023\/04\/PWamazon-1007x1024.jpg 1007w, http:\/\/www.numlock.edu.pl\/amazonia\/wp-content\/uploads\/2023\/04\/PWamazon-295x300.jpg 295w, http:\/\/www.numlock.edu.pl\/amazonia\/wp-content\/uploads\/2023\/04\/PWamazon-768x781.jpg 768w, http:\/\/www.numlock.edu.pl\/amazonia\/wp-content\/uploads\/2023\/04\/PWamazon-1140x1159.jpg 1140w, http:\/\/www.numlock.edu.pl\/amazonia\/wp-content\/uploads\/2023\/04\/PWamazon-75x75.jpg 75w, http:\/\/www.numlock.edu.pl\/amazonia\/wp-content\/uploads\/2023\/04\/PWamazon.jpg 1209w\" sizes=\"(max-width: 271px) 100vw, 271px\" \/><\/figure><\/div>\n\n\n<p>Pawe\u0142 Wimmer, rocznik 1954, z wykszta\u0142cenia ekonomista, absolwent Szko\u0142y G\u0142\u00f3wnej Planowania i Statystyki (dzisiejszej Szko\u0142y G\u0142\u00f3wnej Handlowej).<br>Przez ca\u0142e \u017cycie zwi\u0105zany z ksi\u0105\u017ckami i czasopismami. Pracowa\u0142 w Bibliotece Uniwersytetu Warszawskiego, wydawnictwie Polskiego Zwi\u0105zku Esperantyst\u00f3w, a od 1991 roku jako dziennikarz prasy komputerowej (PCkurier,  Magazyn WWW, PC World). Autor ponad 30 ksi\u0105\u017cek o tematyce komputerowej i j\u0119zykowej (w tym wsp\u00f3\u0142autor podr\u0119cznika informatyki dla klas 4-6 szk\u00f3\u0142 podstawowych),  tw\u00f3rca kilku serwis\u00f3w edukacyjnych w Internecie, w tym (w latach 1996-2014) serwisu \u201eKurs HTML. Poradnik webmastera\u201d, z kt\u00f3rego uczy\u0142o si\u0119 kilka pokole\u0144 polskich webmaster\u00f3w.<br>Propagator j\u0119zyk\u00f3w planowych (esperanto, interlingua). Wsp\u00f3\u0142za\u0142o\u017cyciel (i cz\u0142onek pierwszych w\u0142adz) Komitetu Obrony Demokracji, cz\u0142onek Towarzystwa Dziennikarskiego. Libera\u0142 w kwestii mno\u017cenia PKB i socjaldemokrata w kwestii jego dzielenia. Agnostyk wierz\u0105cy w powszechno\u015b\u0107 \u017cycia we Wszech\u015bwiecie, tak\u017ce rozumnego. Mi\u0142o\u015bnik ps\u00f3w i kot\u00f3w, codzienny go\u015b\u0107 si\u0142owni Zdrofit.<br>Facebook: <a rel=\"noreferrer noopener\" href=\"https:\/\/www.facebook.com\/prwimmer\" target=\"_blank\">https:\/\/www.facebook.com\/prwimmer<\/a><\/p>\n","protected":false},"excerpt":{"rendered":"<p>Pawe\u0142 Wimmer, rocznik 1954, z wykszta\u0142cenia ekonomista, absolwent Szko\u0142y G\u0142\u00f3wnej Planowania i Statystyki (dzisiejszej Szko\u0142y G\u0142\u00f3wnej Handlowej).Przez ca\u0142e \u017cycie zwi\u0105zany z ksi\u0105\u017ckami i czasopismami. Pracowa\u0142 w Bibliotece Uniwersytetu Warszawskiego, wydawnictwie Polskiego Zwi\u0105zku Esperantyst\u00f3w, a od 1991 roku jako dziennikarz prasy komputerowej (PCkurier, Magazyn WWW, PC World). Autor ponad 30 ksi\u0105\u017cek o tematyce komputerowej i j\u0119zykowej (w tym wsp\u00f3\u0142autor podr\u0119cznika informatyki dla klas 4-6 szk\u00f3\u0142 podstawowych), tw\u00f3rca kilku serwis\u00f3w edukacyjnych w Internecie, w tym (w latach 1996-2014) serwisu \u201eKurs HTML. Poradnik webmastera\u201d, z kt\u00f3rego uczy\u0142o si\u0119 kilka pokole\u0144 polskich webmaster\u00f3w.Propagator j\u0119zyk\u00f3w planowych (esperanto, interlingua). Wsp\u00f3\u0142za\u0142o\u017cyciel (i cz\u0142onek pierwszych w\u0142adz) Komitetu Obrony Demokracji, cz\u0142onek Towarzystwa Dziennikarskiego. Libera\u0142 w kwestii mno\u017cenia PKB i socjaldemokrata w kwestii jego dzielenia. Agnostyk wierz\u0105cy w powszechno\u015b\u0107 \u017cycia we Wszech\u015bwiecie, tak\u017ce rozumnego. Mi\u0142o\u015bnik ps\u00f3w i kot\u00f3w, codzienny go\u015b\u0107 si\u0142owni Zdrofit.Facebook: https:\/\/www.facebook.com\/prwimmer<\/p>\n","protected":false},"author":1,"featured_media":0,"parent":0,"menu_order":0,"comment_status":"closed","ping_status":"closed","template":"","meta":[],"_links":{"self":[{"href":"http:\/\/www.numlock.edu.pl\/amazonia\/index.php\/wp-json\/wp\/v2\/pages\/74"}],"collection":[{"href":"http:\/\/www.numlock.edu.pl\/amazonia\/index.php\/wp-json\/wp\/v2\/pages"}],"about":[{"href":"http:\/\/www.numlock.edu.pl\/amazonia\/index.php\/wp-json\/wp\/v2\/types\/page"}],"author":[{"embeddable":true,"href":"http:\/\/www.numlock.edu.pl\/amazonia\/index.php\/wp-json\/wp\/v2\/users\/1"}],"replies":[{"embeddable":true,"href":"http:\/\/www.numlock.edu.pl\/amazonia\/index.php\/wp-json\/wp\/v2\/comments?post=74"}],"version-history":[{"count":11,"href":"http:\/\/www.numlock.edu.pl\/amazonia\/index.php\/wp-json\/wp\/v2\/pages\/74\/revisions"}],"predecessor-version":[{"id":563,"href":"http:\/\/www.numlock.edu.pl\/amazonia\/index.php\/wp-json\/wp\/v2\/pages\/74\/revisions\/563"}],"wp:attachment":[{"href":"http:\/\/www.numlock.edu.pl\/amazonia\/index.php\/wp-json\/wp\/v2\/media?parent=74"}],"curies":[{"name":"wp","href":"https:\/\/api.w.org\/{rel}","templated":true}]}}